{"id":2268,"date":"2023-01-17T13:44:23","date_gmt":"2023-01-17T13:44:23","guid":{"rendered":"https:\/\/complemento.de\/ueber-mich\/"},"modified":"2023-01-17T13:44:23","modified_gmt":"2023-01-17T13:44:23","slug":"ueber-mich","status":"publish","type":"page","link":"https:\/\/complemento.de\/de\/ueber-mich\/","title":{"rendered":"\u00dcber mich"},"content":{"rendered":"<p>[et_pb_section fb_built=&#8220;1&#8243; admin_label=&#8220;Feature Section 01&#8243; module_id=&#8220;photography&#8220; _builder_version=&#8220;4.19.4&#8243; _module_preset=&#8220;default&#8220; background_enable_color=&#8220;off&#8220; positioning=&#8220;none&#8220; custom_padding=&#8220;0px||0px|&#8220; da_popup_slug=&#8220;photography&#8220; da_disable_devices=&#8220;off|off|off&#8220; box_shadow_style=&#8220;preset7&#8243; box_shadow_horizontal=&#8220;0px&#8220; box_shadow_vertical=&#8220;100px&#8220; box_shadow_color=&#8220;#ffffff&#8220; locked=&#8220;off&#8220; global_colors_info=&#8220;{}&#8220; da_is_popup=&#8220;off&#8220; da_exit_intent=&#8220;off&#8220; da_has_close=&#8220;on&#8220; da_alt_close=&#8220;off&#8220; da_dark_close=&#8220;off&#8220; da_not_modal=&#8220;on&#8220; da_is_singular=&#8220;off&#8220; da_with_loader=&#8220;off&#8220; da_has_shadow=&#8220;on&#8220;][et_pb_row column_structure=&#8220;3_5,2_5&#8243; use_custom_gutter=&#8220;on&#8220; gutter_width=&#8220;1&#8243; make_equal=&#8220;on&#8220; admin_label=&#8220;Feature Area&#8220; module_class=&#8220; et_pb_row_fullwidth&#8220; _builder_version=&#8220;4.19.4&#8243; _module_preset=&#8220;default&#8220; width=&#8220;100%&#8220; width_tablet=&#8220;100%&#8220; width_phone=&#8220;100%&#8220; width_last_edited=&#8220;on|desktop&#8220; max_width=&#8220;100%&#8220; max_width_tablet=&#8220;100%&#8220; max_width_phone=&#8220;100%&#8220; max_width_last_edited=&#8220;on|desktop&#8220; custom_margin=&#8220;|||&#8220; custom_padding=&#8220;0px||0px||false|false&#8220; make_fullwidth=&#8220;on&#8220; global_colors_info=&#8220;{}&#8220;][et_pb_column type=&#8220;3_5&#8243; _builder_version=&#8220;4.19.4&#8243; _module_preset=&#8220;default&#8220; custom_padding=&#8220;|5%||5%|false|true&#8220; custom_css_main_element=&#8220;margin: auto;&#8220; global_colors_info=&#8220;{}&#8220; custom_padding__hover=&#8220;|||&#8220;][et_pb_text admin_label=&#8220;Title&#8220; _builder_version=&#8220;4.19.4&#8243; text_font=&#8220;Montserrat||||||||&#8220; text_text_color=&#8220;#747d88&#8243; text_font_size=&#8220;16px&#8220; text_line_height=&#8220;1.9em&#8220; header_font=&#8220;||||||||&#8220; header_text_align=&#8220;left&#8220; header_2_font=&#8220;|700|||||||&#8220; header_2_font_size=&#8220;42px&#8220; header_2_line_height=&#8220;1.3em&#8220; animation_style=&#8220;slide&#8220; animation_direction=&#8220;bottom&#8220; animation_intensity_slide=&#8220;4%&#8220; locked=&#8220;off&#8220; global_colors_info=&#8220;{}&#8220;]<\/p>\n<h2>\u00dcber mich<\/h2>\n<p>[\/et_pb_text][et_pb_text admin_label=&#8220;Subtitle&#8220; _builder_version=&#8220;4.19.4&#8243; _module_preset=&#8220;default&#8220; text_font=&#8220;Montserrat||||&#8220; text_text_color=&#8220;#747d88&#8243; text_font_size=&#8220;16px&#8220; text_line_height=&#8220;1.8em&#8220; header_font=&#8220;||||||||&#8220; text_orientation=&#8220;justified&#8220; module_alignment=&#8220;left&#8220; custom_margin=&#8220;|||&#8220; custom_padding=&#8220;||20px|&#8220; animation_style=&#8220;slide&#8220; animation_direction=&#8220;bottom&#8220; animation_delay=&#8220;100ms&#8220; animation_intensity_slide=&#8220;4%&#8220; hover_enabled=&#8220;0&#8243; locked=&#8220;off&#8220; global_colors_info=&#8220;{}&#8220; sticky_enabled=&#8220;0&#8243;]<\/p>\n<p>Mein Name ist Nestor Barbitta, ich bin audiovisueller Designer und habe an der Universit\u00e4t von Buenos Aires studiert. Ich bin seit mehr als zwei Jahrzehnten als Fotograf und Videofilmer t\u00e4tig. Zun\u00e4chst in Argentinien, wo ich bis Mai 2019 gelebt habe, bevor ich auf der Suche nach neuen Herausforderungen nach Berlin gezogen bin.<\/p>\n<p>Meine berufliche Entwicklung basiert auf meinem st\u00e4ndigen Wunsch, neue Bereiche der visuellen Sprache zu erforschen, und meiner st\u00e4ndigen Weiterbildung in neuen Technologien.<\/p>\n<p>Ich habe auch eine Karriere als bildender K\u00fcnstler gemacht, internationale Preise gewonnen und meine Arbeiten in verschiedenen St\u00e4dten der Welt ausgestellt.<\/p>\n<p>Ich lade Sie ein, mehr von meiner k\u00fcnstlerischen Arbeit auf meiner Website <a href=\"https:\/\/www.nestorbarbitta.de\" target=\"_blank\" rel=\"noopener\">www.nestorbarbitta.de<\/a> zu sehen.<\/p>\n<p>Auf dieser Website finden Sie einige Beispiele f\u00fcr mein kommerzielles Portfolio, das ich f\u00fcr alle Arten von Kunden erstellt habe. Ich lade Sie ein, meine Arbeit zu sehen und besser zu verstehen, wie ich Ihnen helfen kann, das Image Ihres Unternehmens zu ver\u00e4ndern.<\/p>\n<p>[\/et_pb_text][et_pb_button button_url=&#8220;@ET-DC@eyJkeW5hbWljIjp0cnVlLCJjb250ZW50IjoicG9zdF9saW5rX3VybF9wYWdlIiwic2V0dGluZ3MiOnsicG9zdF9pZCI6IjMxNiJ9fQ==@&#8220; button_text=&#8220;Gewerbliches Portfolio&#8220; _builder_version=&#8220;4.19.4&#8243; _dynamic_attributes=&#8220;button_url&#8220; custom_button=&#8220;on&#8220; button_text_size=&#8220;14px&#8220; button_text_color=&#8220;#666666&#8243; button_bg_color=&#8220;#FFFFFF&#8220; button_bg_enable_image=&#8220;off&#8220; button_border_width=&#8220;1px&#8220; button_border_color=&#8220;#666666&#8243; button_border_radius=&#8220;10px&#8220; button_letter_spacing=&#8220;1px&#8220; button_font=&#8220;Complemento|700|||||||&#8220; button_icon=&#8220;&#x35;||divi||400&#8243; button_icon_color=&#8220;#FFFFFF&#8220; button_on_hover=&#8220;off&#8220; custom_padding=&#8220;|2.5em||1em|false|false&#8220; custom_css_after=&#8220;padding-left: 0.9em;&#8220; box_shadow_style=&#8220;preset7&#8243; box_shadow_horizontal=&#8220;-20px&#8220; box_shadow_vertical=&#8220;0px&#8220; box_shadow_color=&#8220;#666666&#8243; button_text_color_hover=&#8220;#747d88&#8243; button_border_color_hover=&#8220;#747d88&#8243; button_letter_spacing_hover=&#8220;2px&#8220; button_bg_color_hover=&#8220;rgba(0,0,0,0)&#8220; locked=&#8220;off&#8220; global_colors_info=&#8220;{}&#8220; button_text_size__hover_enabled=&#8220;off&#8220; button_one_text_size__hover_enabled=&#8220;off&#8220; button_two_text_size__hover_enabled=&#8220;off&#8220; button_text_color__hover_enabled=&#8220;on&#8220; button_text_color__hover=&#8220;#747d88&#8243; button_one_text_color__hover_enabled=&#8220;off&#8220; button_two_text_color__hover_enabled=&#8220;off&#8220; button_border_width__hover_enabled=&#8220;off&#8220; button_one_border_width__hover_enabled=&#8220;off&#8220; button_two_border_width__hover_enabled=&#8220;off&#8220; button_border_color__hover_enabled=&#8220;on&#8220; button_border_color__hover=&#8220;#747d88&#8243; button_one_border_color__hover_enabled=&#8220;off&#8220; button_two_border_color__hover_enabled=&#8220;off&#8220; button_border_radius__hover_enabled=&#8220;off&#8220; button_one_border_radius__hover_enabled=&#8220;off&#8220; button_two_border_radius__hover_enabled=&#8220;off&#8220; button_letter_spacing__hover_enabled=&#8220;on&#8220; button_letter_spacing__hover=&#8220;2px&#8220; button_one_letter_spacing__hover_enabled=&#8220;off&#8220; button_two_letter_spacing__hover_enabled=&#8220;off&#8220; button_bg_color__hover_enabled=&#8220;on&#8220; button_bg_color__hover=&#8220;rgba(0,0,0,0)&#8220; button_one_bg_color__hover_enabled=&#8220;off&#8220; button_two_bg_color__hover_enabled=&#8220;off&#8220; custom_padding__hover=&#8220;|4em|||false|false&#8220; custom_padding__hover_enabled=&#8220;on|hover&#8220; custom_css_after__hover=&#8220;padding-left: 2.3em;&#8220; custom_css_after__hover_enabled=&#8220;on|desktop&#8220; animation_style=&#8220;slide&#8220; animation_direction=&#8220;bottom&#8220; animation_delay=&#8220;100ms&#8220; animation_intensity_slide=&#8220;4%&#8220;][\/et_pb_button][et_pb_text admin_label=&#8220;Subtitle&#8220; _builder_version=&#8220;4.19.4&#8243; _module_preset=&#8220;default&#8220; text_font=&#8220;Montserrat||||&#8220; text_text_color=&#8220;#747d88&#8243; text_font_size=&#8220;16px&#8220; text_line_height=&#8220;1.8em&#8220; header_font=&#8220;||||||||&#8220; text_orientation=&#8220;justified&#8220; module_alignment=&#8220;left&#8220; custom_margin=&#8220;|||&#8220; custom_padding=&#8220;20px||||false|false&#8220; animation_style=&#8220;slide&#8220; animation_direction=&#8220;bottom&#8220; animation_delay=&#8220;100ms&#8220; animation_intensity_slide=&#8220;4%&#8220; locked=&#8220;off&#8220; global_colors_info=&#8220;{}&#8220;]<\/p>\n<p>Wenn Sie Fragen haben, k\u00f6nnen Sie mir schreiben, indem Sie <a href=\"#contact\">hier<\/a> klicken.<\/p>\n<p>[\/et_pb_text][\/et_pb_column][et_pb_column type=&#8220;2_5&#8243; _builder_version=&#8220;4.16&#8243; _module_preset=&#8220;default&#8220; custom_padding=&#8220;0px|||&#8220; global_colors_info=&#8220;{}&#8220; custom_padding__hover=&#8220;|||&#8220;][et_pb_image src=&#8220;https:\/\/complemento.de\/wp-content\/uploads\/2023\/01\/nestor-barbitta-portrait-web-complemento.jpg&#8220; title_text=&#8220;nestor-barbitta-portrait-web-complemento&#8220; align=&#8220;right&#8220; align_tablet=&#8220;center&#8220; align_phone=&#8220;center&#8220; align_last_edited=&#8220;on|desktop&#8220; _builder_version=&#8220;4.19.4&#8243; _module_preset=&#8220;default&#8220; module_alignment=&#8220;right&#8220; custom_margin=&#8220;|||&#8220; custom_padding=&#8220;|||&#8220; animation_style=&#8220;slide&#8220; animation_direction=&#8220;bottom&#8220; animation_intensity_slide=&#8220;6%&#8220; animation_starting_opacity=&#8220;100%&#8220; global_colors_info=&#8220;{}&#8220;][\/et_pb_image][\/et_pb_column][\/et_pb_row][\/et_pb_section]<\/p>\n","protected":false},"excerpt":{"rendered":"<p>\u00dcber michMein Name ist Nestor Barbitta, ich bin audiovisueller Designer und habe an der Universit\u00e4t von Buenos Aires studiert. Ich bin seit mehr als zwei Jahrzehnten als Fotograf und Videofilmer t\u00e4tig. Zun\u00e4chst in Argentinien, wo ich bis Mai 2019 gelebt habe, bevor ich auf der Suche nach neuen Herausforderungen nach Berlin gezogen bin. Meine berufliche [&hellip;]<\/p>\n","protected":false},"author":1,"featured_media":0,"parent":0,"menu_order":0,"comment_status":"closed","ping_status":"closed","template":"","meta":{"_acf_changed":false,"_et_pb_use_builder":"on","_et_pb_old_content":"","_et_gb_content_width":"","footnotes":""},"class_list":["post-2268","page","type-page","status-publish","hentry"],"acf":[],"_links":{"self":[{"href":"https:\/\/complemento.de\/de\/wp-json\/wp\/v2\/pages\/2268","targetHints":{"allow":["GET"]}}],"collection":[{"href":"https:\/\/complemento.de\/de\/wp-json\/wp\/v2\/pages"}],"about":[{"href":"https:\/\/complemento.de\/de\/wp-json\/wp\/v2\/types\/page"}],"author":[{"embeddable":true,"href":"https:\/\/complemento.de\/de\/wp-json\/wp\/v2\/users\/1"}],"replies":[{"embeddable":true,"href":"https:\/\/complemento.de\/de\/wp-json\/wp\/v2\/comments?post=2268"}],"version-history":[{"count":2,"href":"https:\/\/complemento.de\/de\/wp-json\/wp\/v2\/pages\/2268\/revisions"}],"predecessor-version":[{"id":2270,"href":"https:\/\/complemento.de\/de\/wp-json\/wp\/v2\/pages\/2268\/revisions\/2270"}],"wp:attachment":[{"href":"https:\/\/complemento.de\/de\/wp-json\/wp\/v2\/media?parent=2268"}],"curies":[{"name":"wp","href":"https:\/\/api.w.org\/{rel}","templated":true}]}}