{"id":1298,"date":"2022-06-30T15:17:51","date_gmt":"2022-06-30T15:17:51","guid":{"rendered":"https:\/\/complemento.de\/?page_id=1298"},"modified":"2023-01-17T16:04:34","modified_gmt":"2023-01-17T16:04:34","slug":"sobre-mi","status":"publish","type":"page","link":"https:\/\/complemento.de\/es\/sobre-mi\/","title":{"rendered":"Sobre mi"},"content":{"rendered":"<p>[et_pb_section fb_built=\u00bb1&#8243; admin_label=\u00bbFeature Section 01&#8243; module_id=\u00bbphotography\u00bb _builder_version=\u00bb4.19.4&#8243; _module_preset=\u00bbdefault\u00bb background_enable_color=\u00bboff\u00bb positioning=\u00bbnone\u00bb custom_padding=\u00bb0px||0px|\u00bb da_popup_slug=\u00bbphotography\u00bb da_disable_devices=\u00bboff|off|off\u00bb box_shadow_style=\u00bbpreset7&#8243; box_shadow_horizontal=\u00bb0px\u00bb box_shadow_vertical=\u00bb100px\u00bb box_shadow_color=\u00bb#ffffff\u00bb locked=\u00bboff\u00bb global_colors_info=\u00bb{}\u00bb da_is_popup=\u00bboff\u00bb da_exit_intent=\u00bboff\u00bb da_has_close=\u00bbon\u00bb da_alt_close=\u00bboff\u00bb da_dark_close=\u00bboff\u00bb da_not_modal=\u00bbon\u00bb da_is_singular=\u00bboff\u00bb da_with_loader=\u00bboff\u00bb da_has_shadow=\u00bbon\u00bb][et_pb_row column_structure=\u00bb3_5,2_5&#8243; use_custom_gutter=\u00bbon\u00bb gutter_width=\u00bb1&#8243; make_equal=\u00bbon\u00bb admin_label=\u00bbFeature Area\u00bb module_class=\u00bb et_pb_row_fullwidth\u00bb _builder_version=\u00bb4.19.4&#8243; _module_preset=\u00bbdefault\u00bb width=\u00bb100%\u00bb width_tablet=\u00bb100%\u00bb width_phone=\u00bb100%\u00bb width_last_edited=\u00bbon|desktop\u00bb max_width=\u00bb100%\u00bb max_width_tablet=\u00bb100%\u00bb max_width_phone=\u00bb100%\u00bb max_width_last_edited=\u00bbon|desktop\u00bb custom_margin=\u00bb|||\u00bb custom_padding=\u00bb0px||0px||false|false\u00bb make_fullwidth=\u00bbon\u00bb global_colors_info=\u00bb{}\u00bb][et_pb_column type=\u00bb3_5&#8243; _builder_version=\u00bb4.19.4&#8243; _module_preset=\u00bbdefault\u00bb custom_padding=\u00bb|5%||5%|false|true\u00bb custom_css_main_element=\u00bbmargin: auto;\u00bb global_colors_info=\u00bb{}\u00bb custom_padding__hover=\u00bb|||\u00bb][et_pb_text admin_label=\u00bbTitle\u00bb _builder_version=\u00bb4.19.4&#8243; text_font=\u00bbMontserrat||||||||\u00bb text_text_color=\u00bb#747d88&#8243; text_font_size=\u00bb16px\u00bb text_line_height=\u00bb1.9em\u00bb header_font=\u00bb||||||||\u00bb header_text_align=\u00bbleft\u00bb header_2_font=\u00bb|700|||||||\u00bb header_2_font_size=\u00bb42px\u00bb header_2_line_height=\u00bb1.3em\u00bb animation_style=\u00bbslide\u00bb animation_direction=\u00bbbottom\u00bb animation_intensity_slide=\u00bb4%\u00bb locked=\u00bboff\u00bb global_colors_info=\u00bb{}\u00bb]<\/p>\n<h2>Sobre mi<\/h2>\n<p>[\/et_pb_text][et_pb_text admin_label=\u00bbSubtitle\u00bb _builder_version=\u00bb4.19.4&#8243; _module_preset=\u00bbdefault\u00bb text_font=\u00bbMontserrat||||\u00bb text_text_color=\u00bb#747d88&#8243; text_font_size=\u00bb16px\u00bb text_line_height=\u00bb1.8em\u00bb header_font=\u00bb||||||||\u00bb text_orientation=\u00bbjustified\u00bb module_alignment=\u00bbleft\u00bb custom_margin=\u00bb|||\u00bb custom_padding=\u00bb||20px|\u00bb animation_style=\u00bbslide\u00bb animation_direction=\u00bbbottom\u00bb animation_delay=\u00bb100ms\u00bb animation_intensity_slide=\u00bb4%\u00bb hover_enabled=\u00bb0&#8243; locked=\u00bboff\u00bb global_colors_info=\u00bb{}\u00bb sticky_enabled=\u00bb0&#8243;]<\/p>\n<p>Mi nombre es Nestor Barbitta, soy dise\u00f1ador audiovisual egresado de la Universidad de Buenos Aires. Llevo m\u00e1s de dos d\u00e9cadas trabajando como fot\u00f3grafo y vide\u00f3grafo. Primero en Argentina, donde viv\u00ed hasta mayo de 2019, cuando me mud\u00e9 a Berl\u00edn en busca de nuevos desaf\u00edos.<\/p>\n<p>Mi evoluci\u00f3n profesional se basa en mi deseo permanente de explorar nuevas \u00e1reas del lenguaje visual y un proceso de formaci\u00f3n permanente en nuevas tecnolog\u00edas.<\/p>\n<p>Tambi\u00e9n he desarrollado una carrera como artista visual, he ganado premios internacionales y he expuesto mi obra en distintas ciudades del mundo.<\/p>\n<p>Le invito a ver m\u00e1s de mi trabajo art\u00edstico en mi sitio web <a href=\"https:\/\/www.nestorbarbitta.de\" target=\"_blank\" rel=\"noopener\">www.nestorbarbitta.de<\/a>.<\/p>\n<p>En esta web encontrar\u00e1s algunos ejemplos de mi portfolio comercial realizado para todo tipo de clientes. Te invito a que veas mi trabajo y comprendas mejor c\u00f3mo puedo ayudarte a transformar la imagen de tu empresa.<\/p>\n<p>[\/et_pb_text][et_pb_button button_url=\u00bb@ET-DC@eyJkeW5hbWljIjp0cnVlLCJjb250ZW50IjoicG9zdF9saW5rX3VybF9wYWdlIiwic2V0dGluZ3MiOnsicG9zdF9pZCI6IjMxNiJ9fQ==@\u00bb button_text=\u00bbPortfolio comercial\u00bb _builder_version=\u00bb4.19.4&#8243; _dynamic_attributes=\u00bbbutton_url\u00bb custom_button=\u00bbon\u00bb button_text_size=\u00bb14px\u00bb button_text_color=\u00bb#666666&#8243; button_bg_color=\u00bb#FFFFFF\u00bb button_bg_enable_image=\u00bboff\u00bb button_border_width=\u00bb1px\u00bb button_border_color=\u00bb#666666&#8243; button_border_radius=\u00bb10px\u00bb button_letter_spacing=\u00bb1px\u00bb button_font=\u00bbComplemento|700|||||||\u00bb button_icon=\u00bb&#x35;||divi||400&#8243; button_icon_color=\u00bb#FFFFFF\u00bb button_on_hover=\u00bboff\u00bb custom_padding=\u00bb|2.5em||1em|false|false\u00bb custom_css_after=\u00bbpadding-left: 0.9em;\u00bb box_shadow_style=\u00bbpreset7&#8243; box_shadow_horizontal=\u00bb-20px\u00bb box_shadow_vertical=\u00bb0px\u00bb box_shadow_color=\u00bb#666666&#8243; button_text_color_hover=\u00bb#747d88&#8243; button_border_color_hover=\u00bb#747d88&#8243; button_letter_spacing_hover=\u00bb2px\u00bb button_bg_color_hover=\u00bbrgba(0,0,0,0)\u00bb locked=\u00bboff\u00bb global_colors_info=\u00bb{}\u00bb button_text_size__hover_enabled=\u00bboff\u00bb button_one_text_size__hover_enabled=\u00bboff\u00bb button_two_text_size__hover_enabled=\u00bboff\u00bb button_text_color__hover_enabled=\u00bbon\u00bb button_text_color__hover=\u00bb#747d88&#8243; button_one_text_color__hover_enabled=\u00bboff\u00bb button_two_text_color__hover_enabled=\u00bboff\u00bb button_border_width__hover_enabled=\u00bboff\u00bb button_one_border_width__hover_enabled=\u00bboff\u00bb button_two_border_width__hover_enabled=\u00bboff\u00bb button_border_color__hover_enabled=\u00bbon\u00bb button_border_color__hover=\u00bb#747d88&#8243; button_one_border_color__hover_enabled=\u00bboff\u00bb button_two_border_color__hover_enabled=\u00bboff\u00bb button_border_radius__hover_enabled=\u00bboff\u00bb button_one_border_radius__hover_enabled=\u00bboff\u00bb button_two_border_radius__hover_enabled=\u00bboff\u00bb button_letter_spacing__hover_enabled=\u00bbon\u00bb button_letter_spacing__hover=\u00bb2px\u00bb button_one_letter_spacing__hover_enabled=\u00bboff\u00bb button_two_letter_spacing__hover_enabled=\u00bboff\u00bb button_bg_color__hover_enabled=\u00bbon\u00bb button_bg_color__hover=\u00bbrgba(0,0,0,0)\u00bb button_one_bg_color__hover_enabled=\u00bboff\u00bb button_two_bg_color__hover_enabled=\u00bboff\u00bb custom_padding__hover=\u00bb|4em|||false|false\u00bb custom_padding__hover_enabled=\u00bbon|hover\u00bb custom_css_after__hover=\u00bbpadding-left: 2.3em;\u00bb custom_css_after__hover_enabled=\u00bbon|desktop\u00bb animation_style=\u00bbslide\u00bb animation_direction=\u00bbbottom\u00bb animation_delay=\u00bb100ms\u00bb animation_intensity_slide=\u00bb4%\u00bb][\/et_pb_button][et_pb_text admin_label=\u00bbSubtitle\u00bb _builder_version=\u00bb4.19.4&#8243; _module_preset=\u00bbdefault\u00bb text_font=\u00bbMontserrat||||\u00bb text_text_color=\u00bb#747d88&#8243; text_font_size=\u00bb16px\u00bb text_line_height=\u00bb1.8em\u00bb header_font=\u00bb||||||||\u00bb text_orientation=\u00bbjustified\u00bb module_alignment=\u00bbleft\u00bb custom_margin=\u00bb|||\u00bb custom_padding=\u00bb20px||||false|false\u00bb animation_style=\u00bbslide\u00bb animation_direction=\u00bbbottom\u00bb animation_delay=\u00bb100ms\u00bb animation_intensity_slide=\u00bb4%\u00bb locked=\u00bboff\u00bb global_colors_info=\u00bb{}\u00bb]<\/p>\n<p>Si tienes alguna pregunta, puedes escribirme haciendo clic <a href=\"#contact\">aqu\u00ed<\/a>.<\/p>\n<p>[\/et_pb_text][\/et_pb_column][et_pb_column type=\u00bb2_5&#8243; _builder_version=\u00bb4.16&#8243; _module_preset=\u00bbdefault\u00bb custom_padding=\u00bb0px|||\u00bb global_colors_info=\u00bb{}\u00bb custom_padding__hover=\u00bb|||\u00bb][et_pb_image src=\u00bbhttps:\/\/complemento.de\/wp-content\/uploads\/2023\/01\/nestor-barbitta-portrait-web-complemento.jpg\u00bb title_text=\u00bbnestor-barbitta-portrait-web-complemento\u00bb align=\u00bbright\u00bb align_tablet=\u00bbcenter\u00bb align_phone=\u00bbcenter\u00bb align_last_edited=\u00bbon|desktop\u00bb _builder_version=\u00bb4.19.4&#8243; _module_preset=\u00bbdefault\u00bb module_alignment=\u00bbright\u00bb custom_margin=\u00bb|||\u00bb custom_padding=\u00bb|||\u00bb animation_style=\u00bbslide\u00bb animation_direction=\u00bbbottom\u00bb animation_intensity_slide=\u00bb6%\u00bb animation_starting_opacity=\u00bb100%\u00bb global_colors_info=\u00bb{}\u00bb][\/et_pb_image][\/et_pb_column][\/et_pb_row][\/et_pb_section]<\/p>\n","protected":false},"excerpt":{"rendered":"<p>Sobre miMi nombre es Nestor Barbitta, soy dise\u00f1ador audiovisual egresado de la Universidad de Buenos Aires. Llevo m\u00e1s de dos d\u00e9cadas trabajando como fot\u00f3grafo y vide\u00f3grafo. Primero en Argentina, donde viv\u00ed hasta mayo de 2019, cuando me mud\u00e9 a Berl\u00edn en busca de nuevos desaf\u00edos. Mi evoluci\u00f3n profesional se basa en mi deseo permanente de [&hellip;]<\/p>\n","protected":false},"author":1,"featured_media":0,"parent":0,"menu_order":0,"comment_status":"closed","ping_status":"closed","template":"","meta":{"_acf_changed":false,"_et_pb_use_builder":"on","_et_pb_old_content":"","_et_gb_content_width":"","footnotes":""},"class_list":["post-1298","page","type-page","status-publish","hentry"],"acf":[],"_links":{"self":[{"href":"https:\/\/complemento.de\/es\/wp-json\/wp\/v2\/pages\/1298","targetHints":{"allow":["GET"]}}],"collection":[{"href":"https:\/\/complemento.de\/es\/wp-json\/wp\/v2\/pages"}],"about":[{"href":"https:\/\/complemento.de\/es\/wp-json\/wp\/v2\/types\/page"}],"author":[{"embeddable":true,"href":"https:\/\/complemento.de\/es\/wp-json\/wp\/v2\/users\/1"}],"replies":[{"embeddable":true,"href":"https:\/\/complemento.de\/es\/wp-json\/wp\/v2\/comments?post=1298"}],"version-history":[{"count":7,"href":"https:\/\/complemento.de\/es\/wp-json\/wp\/v2\/pages\/1298\/revisions"}],"predecessor-version":[{"id":2279,"href":"https:\/\/complemento.de\/es\/wp-json\/wp\/v2\/pages\/1298\/revisions\/2279"}],"wp:attachment":[{"href":"https:\/\/complemento.de\/es\/wp-json\/wp\/v2\/media?parent=1298"}],"curies":[{"name":"wp","href":"https:\/\/api.w.org\/{rel}","templated":true}]}}