{"id":1345,"date":"2024-01-11T17:19:29","date_gmt":"2024-01-11T17:19:29","guid":{"rendered":"https:\/\/complemento.de\/?page_id=1345"},"modified":"2024-01-11T17:19:29","modified_gmt":"2024-01-11T17:19:29","slug":"servicios-profesionales-de-dron","status":"publish","type":"page","link":"https:\/\/complemento.de\/es\/servicios-profesionales-de-dron\/","title":{"rendered":"Servicios profesionales de dron"},"content":{"rendered":"<p>[et_pb_section fb_built=\u00bb1&#8243; admin_label=\u00bbHero\u00bb _builder_version=\u00bb4.16&#8243; background_image=\u00bbhttps:\/\/complemento.de\/wp-content\/uploads\/2020\/11\/circle-background-pattern.png\u00bb custom_padding=\u00bb10px||10px||false|false\u00bb animation_style=\u00bbzoom\u00bb animation_intensity_zoom=\u00bb4%\u00bb da_disable_devices=\u00bboff|off|off\u00bb global_colors_info=\u00bb{}\u00bb da_is_popup=\u00bboff\u00bb da_exit_intent=\u00bboff\u00bb da_has_close=\u00bbon\u00bb da_alt_close=\u00bboff\u00bb da_dark_close=\u00bboff\u00bb da_not_modal=\u00bbon\u00bb da_is_singular=\u00bboff\u00bb da_with_loader=\u00bboff\u00bb da_has_shadow=\u00bbon\u00bb][et_pb_row _builder_version=\u00bb4.23.1&#8243; background_size=\u00bbinitial\u00bb background_position=\u00bbtop_left\u00bb background_repeat=\u00bbrepeat\u00bb width=\u00bb90%\u00bb max_width=\u00bbnone\u00bb custom_padding=\u00bb0px||0px||false|false\u00bb animation_style=\u00bbslide\u00bb animation_direction=\u00bbtop\u00bb animation_intensity_slide=\u00bb3%\u00bb global_colors_info=\u00bb{}\u00bb][et_pb_column type=\u00bb4_4&#8243; _builder_version=\u00bb4.16&#8243; custom_padding=\u00bb|||\u00bb global_colors_info=\u00bb{}\u00bb custom_padding__hover=\u00bb|||\u00bb][et_pb_text _builder_version=\u00bb4.23.1&#8243; _dynamic_attributes=\u00bbcontent\u00bb text_font=\u00bb||||||||\u00bb text_text_color=\u00bbgcid-30ef24d1-bf5f-4823-988b-84a29b1b4365&#8243; header_font=\u00bb|700|||||||dotted\u00bb header_text_color=\u00bb#353740&#8243; header_font_size=\u00bb40px\u00bb header_line_height=\u00bb1.3em\u00bb background_size=\u00bbinitial\u00bb background_position=\u00bbtop_left\u00bb background_repeat=\u00bbrepeat\u00bb custom_margin=\u00bb20px||0px||false|false\u00bb custom_padding=\u00bb||||false|false\u00bb animation_style=\u00bbfade\u00bb header_font_size_last_edited=\u00bboff|desktop\u00bb locked=\u00bboff\u00bb global_colors_info=\u00bb{%22gcid-30ef24d1-bf5f-4823-988b-84a29b1b4365%22:%91%22text_text_color%22%93}\u00bb]@ET-DC@eyJkeW5hbWljIjp0cnVlLCJjb250ZW50IjoicG9zdF90aXRsZSIsInNldHRpbmdzIjp7ImJlZm9yZSI6IjxoMT4iLCJhZnRlciI6IjxcL2gxPiJ9fQ==@[\/et_pb_text][\/et_pb_column][\/et_pb_row][\/et_pb_section][et_pb_section fb_built=\u00bb1&#8243; admin_label=\u00bbCase Study Text\u00bb _builder_version=\u00bb4.19.4&#8243; _module_preset=\u00bbdefault\u00bb positioning=\u00bbnone\u00bb custom_margin=\u00bb|||\u00bb custom_padding=\u00bb10px||10px||true|false\u00bb da_disable_devices=\u00bboff|off|off\u00bb global_colors_info=\u00bb{}\u00bb da_is_popup=\u00bboff\u00bb da_exit_intent=\u00bboff\u00bb da_has_close=\u00bbon\u00bb da_alt_close=\u00bboff\u00bb da_dark_close=\u00bboff\u00bb da_not_modal=\u00bbon\u00bb da_is_singular=\u00bboff\u00bb da_with_loader=\u00bboff\u00bb da_has_shadow=\u00bbon\u00bb][et_pb_row _builder_version=\u00bb4.19.4&#8243; _module_preset=\u00bbdefault\u00bb width=\u00bb90%\u00bb max_width=\u00bbnone\u00bb custom_padding=\u00bb0px||0px||true|\u00bb animation_style=\u00bbfade\u00bb global_colors_info=\u00bb{}\u00bb][et_pb_column type=\u00bb4_4&#8243; _builder_version=\u00bb4.16&#8243; _module_preset=\u00bbdefault\u00bb custom_padding=\u00bb|||\u00bb global_colors_info=\u00bb{}\u00bb custom_padding__hover=\u00bb|||\u00bb][et_pb_text _builder_version=\u00bb4.23.1&#8243; _module_preset=\u00bbdefault\u00bb text_font=\u00bb||||||||\u00bb text_text_color=\u00bb#747d88&#8243; text_font_size=\u00bb16px\u00bb text_line_height=\u00bb2em\u00bb header_2_font=\u00bbMontserrat|700|||||||\u00bb text_orientation=\u00bbjustified\u00bb animation_style=\u00bbflip\u00bb animation_intensity_flip=\u00bb20%\u00bb global_colors_info=\u00bb{}\u00bb]<\/p>\n<p>En Complemento, ofrecemos a nuestros clientes servicios profesionales de producci\u00f3n de im\u00e1genes a\u00e9reas y videos con drones. Nuestros pilotos de drones certificados tienen la autorizaci\u00f3n para volar drones en Berl\u00edn, en toda Alemania y en toda la Uni\u00f3n Europea.<\/p>\n<p>Nuestras im\u00e1genes con drones aportan un valor decisivo a su proyecto o negocio. Podemos satisfacer sus necesidades en \u00e1reas como marketing, producci\u00f3n audiovisual con drones, fotograf\u00eda, sostenibilidad, ecolog\u00eda, agricultura, sesiones de video y fotos publicitarias con drones, producci\u00f3n de videos musicales con drones, tomas de video para televisi\u00f3n con drones, tomas cinematogr\u00e1ficas con drones, videograf\u00eda y fotograf\u00eda deportiva con drones, fotograf\u00eda y video de noticias actuales con drones, eventos sociales y corporativos con drones, im\u00e1genes de moda con drones, videos y fotos de bodas con drones, im\u00e1genes arquitect\u00f3nicas con drones, fotograf\u00eda inmobiliaria con drones, im\u00e1genes de propiedades con drones, inspecciones t\u00e9cnicas con drones, mapeo 3D con drones, inspecciones de infraestructuras con drones, ortofotograf\u00eda y cartograf\u00eda con drones.<\/p>\n<p>[\/et_pb_text][\/et_pb_column][\/et_pb_row][\/et_pb_section][et_pb_section fb_built=\u00bb1&#8243; admin_label=\u00bbFun Fact Section\u00bb _builder_version=\u00bb4.17.4&#8243; _module_preset=\u00bbdefault\u00bb background_color=\u00bbRGBA(255,255,255,0)\u00bb custom_margin=\u00bb|||\u00bb custom_padding=\u00bb35px||0px|||\u00bb da_disable_devices=\u00bboff|off|off\u00bb locked=\u00bboff\u00bb collapsed=\u00bbon\u00bb global_colors_info=\u00bb{}\u00bb da_is_popup=\u00bboff\u00bb da_exit_intent=\u00bboff\u00bb da_has_close=\u00bbon\u00bb da_alt_close=\u00bboff\u00bb da_dark_close=\u00bboff\u00bb da_not_modal=\u00bbon\u00bb da_is_singular=\u00bboff\u00bb da_with_loader=\u00bboff\u00bb da_has_shadow=\u00bbon\u00bb][et_pb_row column_structure=\u00bb2_5,3_5&#8243; use_custom_gutter=\u00bbon\u00bb gutter_width=\u00bb1&#8243; make_equal=\u00bbon\u00bb admin_label=\u00bbFeature Area\u00bb module_id=\u00bbdronephotography\u00bb module_class=\u00bb et_pb_row_fullwidth\u00bb _builder_version=\u00bb4.19.4&#8243; _module_preset=\u00bbdefault\u00bb width=\u00bb100%\u00bb width_tablet=\u00bb100%\u00bb width_phone=\u00bb100%\u00bb width_last_edited=\u00bbon|desktop\u00bb max_width=\u00bbnone\u00bb max_width_tablet=\u00bb100%\u00bb max_width_phone=\u00bb100%\u00bb max_width_last_edited=\u00bboff|desktop\u00bb custom_padding=\u00bb0px||0px||true\u00bb make_fullwidth=\u00bbon\u00bb global_colors_info=\u00bb{}\u00bb][et_pb_column type=\u00bb2_5&#8243; _builder_version=\u00bb4.16&#8243; _module_preset=\u00bbdefault\u00bb custom_padding=\u00bb0px|||\u00bb global_colors_info=\u00bb{}\u00bb custom_padding__hover=\u00bb|||\u00bb][et_pb_video_slider _builder_version=\u00bb4.19.4&#8243; _module_preset=\u00bbdefault\u00bb global_colors_info=\u00bb{}\u00bb][et_pb_video_slider_item src=\u00bbhttps:\/\/www.youtube.com\/watch?v=G6PsjuwatkM\u00bb _builder_version=\u00bb4.19.4&#8243; _module_preset=\u00bbdefault\u00bb global_colors_info=\u00bb{}\u00bb show_image_overlay=\u00bboff\u00bb][\/et_pb_video_slider_item][et_pb_video_slider_item src=\u00bbhttps:\/\/vimeo.com\/269770375&#8243; _builder_version=\u00bb4.19.4&#8243; _module_preset=\u00bbdefault\u00bb global_colors_info=\u00bb{}\u00bb show_image_overlay=\u00bboff\u00bb][\/et_pb_video_slider_item][et_pb_video_slider_item src=\u00bbhttps:\/\/vimeo.com\/309939305&#8243; _builder_version=\u00bb4.19.4&#8243; _module_preset=\u00bbdefault\u00bb global_colors_info=\u00bb{}\u00bb show_image_overlay=\u00bboff\u00bb][\/et_pb_video_slider_item][et_pb_video_slider_item src=\u00bbhttps:\/\/www.youtube.com\/watch?v=huxMi4CE74o\u00bb _builder_version=\u00bb4.19.4&#8243; _module_preset=\u00bbdefault\u00bb global_colors_info=\u00bb{}\u00bb show_image_overlay=\u00bboff\u00bb][\/et_pb_video_slider_item][\/et_pb_video_slider][\/et_pb_column][et_pb_column type=\u00bb3_5&#8243; _builder_version=\u00bb4.19.4&#8243; _module_preset=\u00bbdefault\u00bb custom_padding=\u00bb|10%||10%|false|false\u00bb custom_css_main_element=\u00bbmargin: auto;\u00bb global_colors_info=\u00bb{}\u00bb custom_padding__hover=\u00bb|||\u00bb][et_pb_text admin_label=\u00bbTitle\u00bb _builder_version=\u00bb4.19.4&#8243; _module_preset=\u00bbdefault\u00bb text_font=\u00bbMontserrat||||||||\u00bb text_text_color=\u00bb#747d88&#8243; text_font_size=\u00bb16px\u00bb text_line_height=\u00bb1.9em\u00bb header_font=\u00bb||||||||\u00bb header_text_align=\u00bbleft\u00bb header_2_font=\u00bb|700|||||||\u00bb header_2_font_size=\u00bb42px\u00bb header_2_line_height=\u00bb1.3em\u00bb max_width=\u00bb700px\u00bb module_alignment=\u00bbleft\u00bb custom_margin=\u00bb||30px|\u00bb animation_style=\u00bbslide\u00bb animation_direction=\u00bbbottom\u00bb animation_intensity_slide=\u00bb4%\u00bb header_2_font_last_edited=\u00bboff|desktop\u00bb locked=\u00bboff\u00bb global_colors_info=\u00bb{}\u00bb]<\/p>\n<h2>Producci\u00f3n de video con drones<\/h2>\n<p>[\/et_pb_text][et_pb_text admin_label=\u00bbSubtitle\u00bb _builder_version=\u00bb4.23.1&#8243; _module_preset=\u00bbdefault\u00bb text_font=\u00bb||||||||\u00bb text_text_color=\u00bb#747d88&#8243; text_font_size=\u00bb16px\u00bb text_line_height=\u00bb1.8em\u00bb header_font=\u00bb||||||||\u00bb text_orientation=\u00bbjustified\u00bb module_alignment=\u00bbleft\u00bb custom_margin=\u00bb|||\u00bb custom_padding=\u00bb||20px|\u00bb animation_style=\u00bbslide\u00bb animation_direction=\u00bbbottom\u00bb animation_delay=\u00bb100ms\u00bb animation_intensity_slide=\u00bb4%\u00bb locked=\u00bboff\u00bb global_colors_info=\u00bb{}\u00bb]<\/p>\n<p>Contamos con equipos de \u00faltima generaci\u00f3n de la mundialmente reconocida empresa de tecnolog\u00eda de drones DJI, capaces de grabar v\u00eddeo 4K UHD y capturar fotograf\u00edas de 48 MP. Nuestra amplia experiencia en fotograf\u00eda y video con drones nos permite ofrecer un producto final de alto nivel profesional.<\/p>\n<p>Puedes ver aqu\u00ed algunos ejemplos de v\u00eddeo con drone o visitar nuestros canales de <a href=\"https:\/\/vimeo.com\/nestorbarbitta\/\" target=\"_blank\" rel=\"noopener\">Vimeo<\/a> y <a href=\"https:\/\/youtube.com\/nestorbarbitta\" target=\"_blank\" rel=\"noopener\">Youtube<\/a> donde encontrar\u00e1s otras producciones de v\u00eddeo en las que hemos trabajado.<\/p>\n<p>[\/et_pb_text][\/et_pb_column][\/et_pb_row][\/et_pb_section][et_pb_section fb_built=\u00bb1&#8243; admin_label=\u00bbFeature Section 01&#8243; module_id=\u00bbphotography\u00bb _builder_version=\u00bb4.19.4&#8243; _module_preset=\u00bbdefault\u00bb background_enable_color=\u00bboff\u00bb positioning=\u00bbnone\u00bb custom_padding=\u00bb0px||0px|\u00bb da_popup_slug=\u00bbphotography\u00bb da_disable_devices=\u00bboff|off|off\u00bb box_shadow_style=\u00bbpreset7&#8243; box_shadow_horizontal=\u00bb0px\u00bb box_shadow_vertical=\u00bb100px\u00bb box_shadow_color=\u00bb#ffffff\u00bb global_colors_info=\u00bb{}\u00bb da_is_popup=\u00bboff\u00bb da_exit_intent=\u00bboff\u00bb da_has_close=\u00bbon\u00bb da_alt_close=\u00bboff\u00bb da_dark_close=\u00bboff\u00bb da_not_modal=\u00bbon\u00bb da_is_singular=\u00bboff\u00bb da_with_loader=\u00bboff\u00bb da_has_shadow=\u00bbon\u00bb][et_pb_row column_structure=\u00bb3_5,2_5&#8243; use_custom_gutter=\u00bbon\u00bb gutter_width=\u00bb1&#8243; make_equal=\u00bbon\u00bb admin_label=\u00bbFeature Area\u00bb module_class=\u00bb et_pb_row_fullwidth\u00bb _builder_version=\u00bb4.19.4&#8243; _module_preset=\u00bbdefault\u00bb width=\u00bb100%\u00bb width_tablet=\u00bb100%\u00bb width_phone=\u00bb100%\u00bb width_last_edited=\u00bbon|desktop\u00bb max_width=\u00bb100%\u00bb max_width_tablet=\u00bb100%\u00bb max_width_phone=\u00bb100%\u00bb max_width_last_edited=\u00bbon|desktop\u00bb custom_margin=\u00bb|||\u00bb custom_padding=\u00bb0px||0px||true|false\u00bb make_fullwidth=\u00bbon\u00bb global_colors_info=\u00bb{}\u00bb][et_pb_column type=\u00bb3_5&#8243; _builder_version=\u00bb4.19.4&#8243; _module_preset=\u00bbdefault\u00bb custom_padding=\u00bb5%|5%|5%|5%|true|true\u00bb custom_css_main_element=\u00bbmargin: auto;\u00bb global_colors_info=\u00bb{}\u00bb custom_padding__hover=\u00bb|||\u00bb][et_pb_text admin_label=\u00bbTitle\u00bb _builder_version=\u00bb4.23.1&#8243; _module_preset=\u00bbdefault\u00bb text_font=\u00bbMontserrat||||||||\u00bb text_text_color=\u00bb#747d88&#8243; text_font_size=\u00bb16px\u00bb text_line_height=\u00bb1.9em\u00bb header_font=\u00bb||||||||\u00bb header_text_align=\u00bbleft\u00bb header_2_font=\u00bb|700|||||||\u00bb header_2_font_size=\u00bb42px\u00bb header_2_line_height=\u00bb1.3em\u00bb module_alignment=\u00bbleft\u00bb custom_margin=\u00bb||30px|\u00bb animation_style=\u00bbslide\u00bb animation_direction=\u00bbbottom\u00bb animation_intensity_slide=\u00bb4%\u00bb locked=\u00bboff\u00bb global_colors_info=\u00bb{}\u00bb]<\/p>\n<h2>Fotograf\u00eda a\u00e9rea con drone<\/h2>\n<p>[\/et_pb_text][et_pb_text admin_label=\u00bbSubtitle\u00bb _builder_version=\u00bb4.23.1&#8243; _module_preset=\u00bbdefault\u00bb text_font=\u00bb||||||||\u00bb text_text_color=\u00bb#747d88&#8243; text_font_size=\u00bb16px\u00bb text_line_height=\u00bb1.8em\u00bb header_font=\u00bb||||||||\u00bb text_orientation=\u00bbjustified\u00bb module_alignment=\u00bbleft\u00bb custom_margin=\u00bb|||\u00bb custom_padding=\u00bb||20px|\u00bb animation_style=\u00bbslide\u00bb animation_direction=\u00bbbottom\u00bb animation_delay=\u00bb100ms\u00bb animation_intensity_slide=\u00bb4%\u00bb locked=\u00bboff\u00bb global_colors_info=\u00bb{}\u00bb]<\/p>\n<p>Nuestros pilotos profesionales licenciados cuentan con seguro de responsabilidad civil v\u00e1lido en todo el mundo. Volamos bajo las m\u00e1s estrictas directivas de seguridad y privacidad posibles garantizando un servicio de alta calidad profesional. Tenemos licencia de piloto profeisonal para toda alemania y la uni\u00f3n europea junto a un permiso general de la autoridad de aviaci\u00f3n civil alemana. Con base log\u00edstica en Berlin podemos atender sus necesidades de servicios de drone en toda Alemania, Espa\u00f1a, Portugal, Francia, Austria, Holanda, Italia, Polonia y el resto de la uni\u00f3n europea. Tambi\u00e9n contamos con una alianza con pilotos profesionales en Sudam\u00e9rica, Asia y Estados Unidos.<\/p>\n<p>[\/et_pb_text][\/et_pb_column][et_pb_column type=\u00bb2_5&#8243; _builder_version=\u00bb4.19.4&#8243; _module_preset=\u00bbdefault\u00bb custom_padding=\u00bb0px|||\u00bb custom_css_main_element=\u00bbmargin: auto;\u00bb global_colors_info=\u00bb{}\u00bb custom_padding__hover=\u00bb|||\u00bb][et_pb_gallery gallery_ids=\u00bb2234,2237,2225,2216,2219,2222,2228&#8243; fullwidth=\u00bbon\u00bb _builder_version=\u00bb4.23.1&#8243; _module_preset=\u00bbdefault\u00bb global_colors_info=\u00bb{}\u00bb][\/et_pb_gallery][\/et_pb_column][\/et_pb_row][\/et_pb_section][et_pb_section fb_built=\u00bb1&#8243; admin_label=\u00bbCase Study Text\u00bb _builder_version=\u00bb4.23.1&#8243; _module_preset=\u00bbdefault\u00bb positioning=\u00bbnone\u00bb custom_margin=\u00bb|||\u00bb custom_padding=\u00bb40px||40px||true|false\u00bb da_disable_devices=\u00bboff|off|off\u00bb collapsed=\u00bbon\u00bb global_colors_info=\u00bb{}\u00bb da_is_popup=\u00bboff\u00bb da_exit_intent=\u00bboff\u00bb da_has_close=\u00bbon\u00bb da_alt_close=\u00bboff\u00bb da_dark_close=\u00bboff\u00bb da_not_modal=\u00bbon\u00bb da_is_singular=\u00bboff\u00bb da_with_loader=\u00bboff\u00bb da_has_shadow=\u00bbon\u00bb][et_pb_row _builder_version=\u00bb4.19.4&#8243; _module_preset=\u00bbdefault\u00bb width=\u00bb90%\u00bb max_width=\u00bbnone\u00bb custom_padding=\u00bb0px||0px||true|\u00bb animation_style=\u00bbfade\u00bb global_colors_info=\u00bb{}\u00bb][et_pb_column type=\u00bb4_4&#8243; _builder_version=\u00bb4.16&#8243; _module_preset=\u00bbdefault\u00bb custom_padding=\u00bb|||\u00bb global_colors_info=\u00bb{}\u00bb custom_padding__hover=\u00bb|||\u00bb][et_pb_text _builder_version=\u00bb4.23.4&#8243; _module_preset=\u00bbdefault\u00bb text_font=\u00bb||||||||\u00bb text_text_color=\u00bb#747d88&#8243; text_font_size=\u00bb16px\u00bb text_line_height=\u00bb2em\u00bb header_2_font=\u00bbComplemento|700|||||||\u00bb header_3_font_size=\u00bb26px\u00bb header_4_font_size=\u00bb26px\u00bb text_orientation=\u00bbjustified\u00bb animation_style=\u00bbflip\u00bb animation_intensity_flip=\u00bb20%\u00bb hover_enabled=\u00bb0&#8243; global_colors_info=\u00bb{}\u00bb sticky_enabled=\u00bb0&#8243;]<\/p>\n<h3><strong>Servicios profesionales de dron en fotograf\u00eda a\u00e9rea y video.<\/strong><\/h3>\n<p>Es una disciplina que utiliza veh\u00edculos a\u00e9reos no tripulados (VANT) para registrar im\u00e1genes y v\u00eddeos desde el aire. Esta tecnolog\u00eda ha revolucionado la forma de crear im\u00e1genes y v\u00eddeos, permitiendo a los usuarios captar perspectivas \u00fanicas y emocionantes.<\/p>\n<h4><strong>Fotograf\u00eda con drone<\/strong><\/h4>\n<p>Este tipo de fotograf\u00eda puede utilizarse para diversos fines, desde la captura de impresionantes paisajes hasta la creaci\u00f3n de v\u00eddeos promocionales. Los drones pueden volar a altitudes que los fot\u00f3grafos tradicionales no pueden alcanzar, lo que les permite captar im\u00e1genes de lugares que de otro modo ser\u00edan inaccesibles.<\/p>\n<h4><strong>Este tipo de fotograf\u00eda puede utilizarse para realizar im\u00e1genes de:<\/strong><\/h4>\n<ul>\n<li><strong>Paisajes:<\/strong> Los drones pueden captar im\u00e1genes a\u00e9reas de paisajes naturales y artificiales, como monta\u00f1as, bosques, playas, ciudades y edificios.<\/li>\n<li><strong>Eventos:<\/strong> Los drones pueden registrar im\u00e1genes a\u00e9reas de eventos, como conciertos, festivales, deportes y ceremonias.<\/li>\n<li><strong>Empresas:<\/strong> Los drones pueden registrar im\u00e1genes a\u00e9reas de empresas, como propiedades, instalaciones y proyectos de construcci\u00f3n.<\/li>\n<\/ul>\n<h4><strong>Video con drone<\/strong><\/h4>\n<p>Este tipo de video se ha crecido en popularidad. Los drones pueden capturar v\u00eddeos de alta resoluci\u00f3n perfectos para pel\u00edculas, televisi\u00f3n y marketing. Los v\u00eddeos realizados con dron pueden utilizarse para crear tomas a\u00e9reas espectaculares o para captar acontecimientos desde una perspectiva \u00fanica.<\/p>\n<h4><strong>Este tipo de videos puede utilizarse para capturar v\u00eddeos de:<\/strong><\/h4>\n<ul>\n<li><strong>Paisajes:<\/strong> Los drones pueden grabar v\u00eddeos a\u00e9reos de paisajes naturales y artificiales, como monta\u00f1as, bosques, playas, ciudades y edificios.<\/li>\n<li><strong>Eventos:<\/strong> Los drones pueden registrar v\u00eddeos a\u00e9reos de eventos, como conciertos, festivales, deportes y ceremonias.<\/li>\n<li><strong>Empresas:<\/strong> Los drones pueden capturar v\u00eddeos a\u00e9reos de empresas, como propiedades, instalaciones y proyectos de construcci\u00f3n.<\/li>\n<\/ul>\n<h4><strong>Requisitos para ser piloto profesional de drones<\/strong><\/h4>\n<p>Para ejercer profesionalmente, es necesario tener una licencia de piloto de drones. Estas licencias pueden obtenerse a trav\u00e9s de diversas organizaciones, como la Administraci\u00f3n Federal de Aviaci\u00f3n (FAA) de Estados Unidos y la Agencia de Seguridad A\u00e9rea de la Uni\u00f3n Europea (AESA).<\/p>\n<p>Adem\u00e1s de una licencia de piloto, tambi\u00e9n es importante seguir las normas y reglamentos locales para el funcionamiento de drones. Estas normas pueden variar seg\u00fan el pa\u00eds o la regi\u00f3n.<\/p>\n<h3><strong>Complemento: Fotograf\u00eda y video profesional con drones en Berl\u00edn<\/strong><\/h3>\n<p><strong>Complemento<\/strong> es una empresa de fotograf\u00eda y video con sede en Berl\u00edn, Alemania. Contamos con pilotos profesionales con licencia para operar en Berl\u00edn, en toda Alemania y en la Uni\u00f3n Europea.<\/p>\n<p>Ofrecemos una amplia gama de servicios de drones, entre los que se incluyen:<\/p>\n<ul>\n<li>Producci\u00f3n audiovisual con dron<\/li>\n<li>Fotograf\u00eda con drone<\/li>\n<li>Sesiones de v\u00eddeo y fotograf\u00eda para publicidad<\/li>\n<li>Videoclips musicales con dron<\/li>\n<li>Tomas para televisi\u00f3n con dron<\/li>\n<li>Tomas cinematogr\u00e1ficas con dron<\/li>\n<li>Video y fotograf\u00eda de deportes o deportiva con dron<\/li>\n<li>Fotograf\u00eda y v\u00eddeo de noticias de actualidad o documentales con dron<\/li>\n<li>Eventos sociales con dron<\/li>\n<li>Eventos corporativos con dron<\/li>\n<li>Video y fotograf\u00eda de bodas con dron<\/li>\n<li>Fotograf\u00eda de arquitectura con dron<\/li>\n<li>Fotograf\u00eda y v\u00eddeo para el mercado inmobiliario (Real estate) con dron<\/li>\n<li>Inspecciones t\u00e9cnicas con dron<\/li>\n<li>Cartograf\u00eda 3D con dron<\/li>\n<li>Inspecciones de infraestructuras con dron<\/li>\n<li>Ortofotograf\u00eda y cartograf\u00eda con dron<\/li>\n<\/ul>\n<p><strong>P\u00f3ngase en contacto con nosotros hoy mismo para obtener m\u00e1s informaci\u00f3n sobre nuestros servicios.<\/strong><\/p>\n<p>[\/et_pb_text][\/et_pb_column][\/et_pb_row][\/et_pb_section]<\/p>\n","protected":false},"excerpt":{"rendered":"<p>En Complemento, ofrecemos a nuestros clientes servicios profesionales de producci\u00f3n de im\u00e1genes a\u00e9reas y videos con drones. Nuestros pilotos de drones certificados tienen la autorizaci\u00f3n para volar drones en Berl\u00edn, en toda Alemania y en toda la Uni\u00f3n Europea. Nuestras im\u00e1genes con drones aportan un valor decisivo a su proyecto o negocio. Podemos satisfacer sus [&hellip;]<\/p>\n","protected":false},"author":1,"featured_media":0,"parent":0,"menu_order":0,"comment_status":"closed","ping_status":"closed","template":"","meta":{"_acf_changed":false,"_et_pb_use_builder":"on","_et_pb_old_content":"","_et_gb_content_width":"","footnotes":""},"class_list":["post-1345","page","type-page","status-publish","hentry"],"acf":[],"_links":{"self":[{"href":"https:\/\/complemento.de\/es\/wp-json\/wp\/v2\/pages\/1345","targetHints":{"allow":["GET"]}}],"collection":[{"href":"https:\/\/complemento.de\/es\/wp-json\/wp\/v2\/pages"}],"about":[{"href":"https:\/\/complemento.de\/es\/wp-json\/wp\/v2\/types\/page"}],"author":[{"embeddable":true,"href":"https:\/\/complemento.de\/es\/wp-json\/wp\/v2\/users\/1"}],"replies":[{"embeddable":true,"href":"https:\/\/complemento.de\/es\/wp-json\/wp\/v2\/comments?post=1345"}],"version-history":[{"count":6,"href":"https:\/\/complemento.de\/es\/wp-json\/wp\/v2\/pages\/1345\/revisions"}],"predecessor-version":[{"id":2956,"href":"https:\/\/complemento.de\/es\/wp-json\/wp\/v2\/pages\/1345\/revisions\/2956"}],"wp:attachment":[{"href":"https:\/\/complemento.de\/es\/wp-json\/wp\/v2\/media?parent=1345"}],"curies":[{"name":"wp","href":"https:\/\/api.w.org\/{rel}","templated":true}]}}